{"id":4961,"date":"2024-11-10T17:02:27","date_gmt":"2024-11-10T16:02:27","guid":{"rendered":"https:\/\/tetou-ne.com\/?page_id=4961"},"modified":"2025-02-17T08:51:28","modified_gmt":"2025-02-17T07:51:28","slug":"bagues-au-lait-maternel-dorees","status":"publish","type":"page","link":"https:\/\/tetou-ne.com\/index.php\/bagues-au-lait-maternel-dorees\/","title":{"rendered":"Les bagues lact\u00e9es dor\u00e9es"},"content":{"rendered":"\n<p>Certains mod\u00e8les de bagues au lait maternel sont d\u00e9clinables en argent\u00e9s et\/ou dor\u00e9s et\/ou rose gold.<\/p>\n\n\n\n<p>Les photos sont des exemples de personnalisables et sont r\u00e9alisables sans lait maternel.<\/p>\n\n\n<div data-align-buttons=\"true\" data-block-name=\"woocommerce\/product-category\" data-categories=\"[109]\" data-columns=\"4\" class=\"wc-block-grid wp-block-product-category wp-block-woocommerce-product-category wc-block-product-category has-4-columns has-multiple-rows has-aligned-buttons\"><ul class=\"wc-block-grid__products\"><li class=\"wc-block-grid__product\">\n\t\t\t\t<a href=\"https:\/\/tetou-ne.com\/index.php\/product\/la-bague-lucia-bijou-au-lait-maternel\/\" class=\"wc-block-grid__product-link\">\n\t\t\t\t\t\n\t\t\t\t\t<div class=\"wc-block-grid__product-image\"><img decoding=\"async\" width=\"324\" height=\"324\" src=\"https:\/\/i0.wp.com\/tetou-ne.com\/wp-content\/uploads\/2025\/01\/ChatGPT-Image-16-mars-2026-17_37_58.png?resize=324%2C324&amp;ssl=1\" class=\"attachment-woocommerce_thumbnail size-woocommerce_thumbnail\" alt=\"La bague Lucia - bijou au lait maternel\" srcset=\"https:\/\/i0.wp.com\/tetou-ne.com\/wp-content\/uploads\/2025\/01\/ChatGPT-Image-16-mars-2026-17_37_58.png?w=1024&amp;ssl=1 1024w, https:\/\/i0.wp.com\/tetou-ne.com\/wp-content\/uploads\/2025\/01\/ChatGPT-Image-16-mars-2026-17_37_58.png?resize=300%2C300&amp;ssl=1 300w, https:\/\/i0.wp.com\/tetou-ne.com\/wp-content\/uploads\/2025\/01\/ChatGPT-Image-16-mars-2026-17_37_58.png?resize=150%2C150&amp;ssl=1 150w, https:\/\/i0.wp.com\/tetou-ne.com\/wp-content\/uploads\/2025\/01\/ChatGPT-Image-16-mars-2026-17_37_58.png?resize=768%2C768&amp;ssl=1 768w, https:\/\/i0.wp.com\/tetou-ne.com\/wp-content\/uploads\/2025\/01\/ChatGPT-Image-16-mars-2026-17_37_58.png?resize=324%2C324&amp;ssl=1 324w, https:\/\/i0.wp.com\/tetou-ne.com\/wp-content\/uploads\/2025\/01\/ChatGPT-Image-16-mars-2026-17_37_58.png?resize=416%2C416&amp;ssl=1 416w, https:\/\/i0.wp.com\/tetou-ne.com\/wp-content\/uploads\/2025\/01\/ChatGPT-Image-16-mars-2026-17_37_58.png?resize=100%2C100&amp;ssl=1 100w\" sizes=\"(max-width: 324px) 100vw, 324px\" \/><\/div>\n\t\t\t\t\t<div class=\"wc-block-grid__product-title\">La bague Lucia &#8211; bijou au lait maternel<\/div>\n\t\t\t\t<\/a>\n\t\t\t\t<div class=\"wc-block-grid__product-price price\"><span class=\"woocommerce-Price-amount amount\">119,99&nbsp;<span class=\"woocommerce-Price-currencySymbol\">&euro;<\/span><\/span><\/div>\n\t\t\t\t\n\t\t\t\t<div class=\"wp-block-button wc-block-grid__product-add-to-cart\"><a href=\"https:\/\/tetou-ne.com\/index.php\/product\/la-bague-lucia-bijou-au-lait-maternel\/\" aria-label=\"En savoir plus sur &ldquo;La bague Lucia - bijou au lait maternel&rdquo;\" data-quantity=\"1\" data-product_id=\"5315\" data-product_sku=\"nvfdfjnv\" data-price=\"119.99\" rel=\"nofollow\" class=\"wp-block-button__link  add_to_cart_button\">S\u00e9lectionner des options<\/a><\/div>\n\t\t\t<\/li><li class=\"wc-block-grid__product\">\n\t\t\t\t<a href=\"https:\/\/tetou-ne.com\/index.php\/product\/bague-eline-bijou-au-lait-maternel\/\" class=\"wc-block-grid__product-link\">\n\t\t\t\t\t\n\t\t\t\t\t<div class=\"wc-block-grid__product-image\"><img decoding=\"async\" width=\"324\" height=\"324\" src=\"https:\/\/i0.wp.com\/tetou-ne.com\/wp-content\/uploads\/2024\/01\/7fe57474-0080-4dc9-b0d7-f1e5388e99d8.png?resize=324%2C324&amp;ssl=1\" class=\"attachment-woocommerce_thumbnail size-woocommerce_thumbnail\" alt=\"Bague \u00c9line - Bijou au lait maternel\" srcset=\"https:\/\/i0.wp.com\/tetou-ne.com\/wp-content\/uploads\/2024\/01\/7fe57474-0080-4dc9-b0d7-f1e5388e99d8.png?w=1024&amp;ssl=1 1024w, https:\/\/i0.wp.com\/tetou-ne.com\/wp-content\/uploads\/2024\/01\/7fe57474-0080-4dc9-b0d7-f1e5388e99d8.png?resize=300%2C300&amp;ssl=1 300w, https:\/\/i0.wp.com\/tetou-ne.com\/wp-content\/uploads\/2024\/01\/7fe57474-0080-4dc9-b0d7-f1e5388e99d8.png?resize=150%2C150&amp;ssl=1 150w, https:\/\/i0.wp.com\/tetou-ne.com\/wp-content\/uploads\/2024\/01\/7fe57474-0080-4dc9-b0d7-f1e5388e99d8.png?resize=768%2C768&amp;ssl=1 768w, https:\/\/i0.wp.com\/tetou-ne.com\/wp-content\/uploads\/2024\/01\/7fe57474-0080-4dc9-b0d7-f1e5388e99d8.png?resize=324%2C324&amp;ssl=1 324w, https:\/\/i0.wp.com\/tetou-ne.com\/wp-content\/uploads\/2024\/01\/7fe57474-0080-4dc9-b0d7-f1e5388e99d8.png?resize=416%2C416&amp;ssl=1 416w, https:\/\/i0.wp.com\/tetou-ne.com\/wp-content\/uploads\/2024\/01\/7fe57474-0080-4dc9-b0d7-f1e5388e99d8.png?resize=100%2C100&amp;ssl=1 100w\" sizes=\"(max-width: 324px) 100vw, 324px\" \/><\/div>\n\t\t\t\t\t<div class=\"wc-block-grid__product-title\">Bague \u00c9line &#8211; Bijou au lait maternel<\/div>\n\t\t\t\t<\/a>\n\t\t\t\t<div class=\"wc-block-grid__product-price price\"><span class=\"woocommerce-Price-amount amount\">61,50&nbsp;<span class=\"woocommerce-Price-currencySymbol\">&euro;<\/span><\/span><\/div>\n\t\t\t\t\n\t\t\t\t<div class=\"wp-block-button wc-block-grid__product-add-to-cart\"><a href=\"https:\/\/tetou-ne.com\/index.php\/product\/bague-eline-bijou-au-lait-maternel\/\" aria-label=\"Ajouter au panier\u00a0: &ldquo;Bague \u00c9line - Bijou au lait maternel&rdquo;\" data-quantity=\"1\" data-product_id=\"3377\" data-product_sku=\"cndskncvd\" data-price=\"61.5\" rel=\"nofollow\" class=\"wp-block-button__link  add_to_cart_button\">S\u00e9lectionner des options<\/a><\/div>\n\t\t\t<\/li><li class=\"wc-block-grid__product\">\n\t\t\t\t<a href=\"https:\/\/tetou-ne.com\/index.php\/product\/bliss-bijou-au-lait-maternel\/\" class=\"wc-block-grid__product-link\">\n\t\t\t\t\t\n\t\t\t\t\t<div class=\"wc-block-grid__product-image\"><img decoding=\"async\" width=\"324\" height=\"324\" src=\"https:\/\/i0.wp.com\/tetou-ne.com\/wp-content\/uploads\/2024\/01\/24249e36-d84e-47c9-a202-611b7642f391.png?resize=324%2C324&amp;ssl=1\" class=\"attachment-woocommerce_thumbnail size-woocommerce_thumbnail\" alt=\"Bague Bliss - Bijou au lait maternel\" srcset=\"https:\/\/i0.wp.com\/tetou-ne.com\/wp-content\/uploads\/2024\/01\/24249e36-d84e-47c9-a202-611b7642f391.png?w=1024&amp;ssl=1 1024w, https:\/\/i0.wp.com\/tetou-ne.com\/wp-content\/uploads\/2024\/01\/24249e36-d84e-47c9-a202-611b7642f391.png?resize=300%2C300&amp;ssl=1 300w, https:\/\/i0.wp.com\/tetou-ne.com\/wp-content\/uploads\/2024\/01\/24249e36-d84e-47c9-a202-611b7642f391.png?resize=150%2C150&amp;ssl=1 150w, https:\/\/i0.wp.com\/tetou-ne.com\/wp-content\/uploads\/2024\/01\/24249e36-d84e-47c9-a202-611b7642f391.png?resize=768%2C768&amp;ssl=1 768w, https:\/\/i0.wp.com\/tetou-ne.com\/wp-content\/uploads\/2024\/01\/24249e36-d84e-47c9-a202-611b7642f391.png?resize=324%2C324&amp;ssl=1 324w, https:\/\/i0.wp.com\/tetou-ne.com\/wp-content\/uploads\/2024\/01\/24249e36-d84e-47c9-a202-611b7642f391.png?resize=416%2C416&amp;ssl=1 416w, https:\/\/i0.wp.com\/tetou-ne.com\/wp-content\/uploads\/2024\/01\/24249e36-d84e-47c9-a202-611b7642f391.png?resize=100%2C100&amp;ssl=1 100w\" sizes=\"(max-width: 324px) 100vw, 324px\" \/><\/div>\n\t\t\t\t\t<div class=\"wc-block-grid__product-title\">Bague Bliss &#8211; Bijou au lait maternel<\/div>\n\t\t\t\t<\/a>\n\t\t\t\t<div class=\"wc-block-grid__product-price price\"><span class=\"woocommerce-Price-amount amount\">61,50&nbsp;<span class=\"woocommerce-Price-currencySymbol\">&euro;<\/span><\/span><\/div>\n\t\t\t\t\n\t\t\t\t<div class=\"wp-block-button wc-block-grid__product-add-to-cart\"><a href=\"https:\/\/tetou-ne.com\/index.php\/product\/bliss-bijou-au-lait-maternel\/\" aria-label=\"Ajouter au panier\u00a0: &ldquo;Bague Bliss - Bijou au lait maternel&rdquo;\" data-quantity=\"1\" data-product_id=\"3371\" data-product_sku=\"ndjnv\" data-price=\"61.5\" rel=\"nofollow\" class=\"wp-block-button__link  add_to_cart_button\">S\u00e9lectionner des options<\/a><\/div>\n\t\t\t<\/li><li class=\"wc-block-grid__product\">\n\t\t\t\t<a href=\"https:\/\/tetou-ne.com\/index.php\/product\/bague-alice-bijou-au-lait-maternel-acier-dore-ou-argente\/\" class=\"wc-block-grid__product-link\">\n\t\t\t\t\t\n\t\t\t\t\t<div class=\"wc-block-grid__product-image\"><img decoding=\"async\" width=\"324\" height=\"324\" src=\"https:\/\/i0.wp.com\/tetou-ne.com\/wp-content\/uploads\/2024\/01\/ChatGPT-Image-17-mars-2026-08_44_21.png?resize=324%2C324&amp;ssl=1\" class=\"attachment-woocommerce_thumbnail size-woocommerce_thumbnail\" alt=\"Bague Alice - Bijou au lait maternel\" srcset=\"https:\/\/i0.wp.com\/tetou-ne.com\/wp-content\/uploads\/2024\/01\/ChatGPT-Image-17-mars-2026-08_44_21.png?w=1024&amp;ssl=1 1024w, https:\/\/i0.wp.com\/tetou-ne.com\/wp-content\/uploads\/2024\/01\/ChatGPT-Image-17-mars-2026-08_44_21.png?resize=300%2C300&amp;ssl=1 300w, https:\/\/i0.wp.com\/tetou-ne.com\/wp-content\/uploads\/2024\/01\/ChatGPT-Image-17-mars-2026-08_44_21.png?resize=150%2C150&amp;ssl=1 150w, https:\/\/i0.wp.com\/tetou-ne.com\/wp-content\/uploads\/2024\/01\/ChatGPT-Image-17-mars-2026-08_44_21.png?resize=768%2C768&amp;ssl=1 768w, https:\/\/i0.wp.com\/tetou-ne.com\/wp-content\/uploads\/2024\/01\/ChatGPT-Image-17-mars-2026-08_44_21.png?resize=324%2C324&amp;ssl=1 324w, https:\/\/i0.wp.com\/tetou-ne.com\/wp-content\/uploads\/2024\/01\/ChatGPT-Image-17-mars-2026-08_44_21.png?resize=416%2C416&amp;ssl=1 416w, https:\/\/i0.wp.com\/tetou-ne.com\/wp-content\/uploads\/2024\/01\/ChatGPT-Image-17-mars-2026-08_44_21.png?resize=100%2C100&amp;ssl=1 100w\" sizes=\"(max-width: 324px) 100vw, 324px\" \/><\/div>\n\t\t\t\t\t<div class=\"wc-block-grid__product-title\">Bague Alice &#8211; Bijou au lait maternel<\/div>\n\t\t\t\t<\/a>\n\t\t\t\t<div class=\"wc-block-grid__product-price price\"><span class=\"woocommerce-Price-amount amount\">61,50&nbsp;<span class=\"woocommerce-Price-currencySymbol\">&euro;<\/span><\/span><\/div>\n\t\t\t\t\n\t\t\t\t<div class=\"wp-block-button wc-block-grid__product-add-to-cart\"><a href=\"https:\/\/tetou-ne.com\/index.php\/product\/bague-alice-bijou-au-lait-maternel-acier-dore-ou-argente\/\" aria-label=\"Ajouter au panier\u00a0: &ldquo;Bague Alice - Bijou au lait maternel&rdquo;\" data-quantity=\"1\" data-product_id=\"3368\" data-product_sku=\"vkdjkvnj\" data-price=\"61.5\" rel=\"nofollow\" class=\"wp-block-button__link  add_to_cart_button\">S\u00e9lectionner des options<\/a><\/div>\n\t\t\t<\/li><li class=\"wc-block-grid__product\">\n\t\t\t\t<a href=\"https:\/\/tetou-ne.com\/index.php\/product\/nina-bijou-au-lait-maternel\/\" class=\"wc-block-grid__product-link\">\n\t\t\t\t\t\n\t\t\t\t\t<div class=\"wc-block-grid__product-image\"><img decoding=\"async\" width=\"324\" height=\"324\" src=\"https:\/\/i0.wp.com\/tetou-ne.com\/wp-content\/uploads\/2023\/05\/ChatGPT-Image-17-mars-2026-07_54_55.png?resize=324%2C324&amp;ssl=1\" class=\"attachment-woocommerce_thumbnail size-woocommerce_thumbnail\" alt=\"Nina - Bijou au lait maternel\" srcset=\"https:\/\/i0.wp.com\/tetou-ne.com\/wp-content\/uploads\/2023\/05\/ChatGPT-Image-17-mars-2026-07_54_55.png?w=1024&amp;ssl=1 1024w, https:\/\/i0.wp.com\/tetou-ne.com\/wp-content\/uploads\/2023\/05\/ChatGPT-Image-17-mars-2026-07_54_55.png?resize=300%2C300&amp;ssl=1 300w, https:\/\/i0.wp.com\/tetou-ne.com\/wp-content\/uploads\/2023\/05\/ChatGPT-Image-17-mars-2026-07_54_55.png?resize=150%2C150&amp;ssl=1 150w, https:\/\/i0.wp.com\/tetou-ne.com\/wp-content\/uploads\/2023\/05\/ChatGPT-Image-17-mars-2026-07_54_55.png?resize=768%2C768&amp;ssl=1 768w, https:\/\/i0.wp.com\/tetou-ne.com\/wp-content\/uploads\/2023\/05\/ChatGPT-Image-17-mars-2026-07_54_55.png?resize=324%2C324&amp;ssl=1 324w, https:\/\/i0.wp.com\/tetou-ne.com\/wp-content\/uploads\/2023\/05\/ChatGPT-Image-17-mars-2026-07_54_55.png?resize=416%2C416&amp;ssl=1 416w, https:\/\/i0.wp.com\/tetou-ne.com\/wp-content\/uploads\/2023\/05\/ChatGPT-Image-17-mars-2026-07_54_55.png?resize=100%2C100&amp;ssl=1 100w\" sizes=\"(max-width: 324px) 100vw, 324px\" \/><\/div>\n\t\t\t\t\t<div class=\"wc-block-grid__product-title\">Nina &#8211; Bijou au lait maternel<\/div>\n\t\t\t\t<\/a>\n\t\t\t\t<div class=\"wc-block-grid__product-price price\"><span class=\"woocommerce-Price-amount amount\">79,90&nbsp;<span class=\"woocommerce-Price-currencySymbol\">&euro;<\/span><\/span><\/div>\n\t\t\t\t<div class=\"wc-block-grid__product-rating\"><div class=\"star-rating\" role=\"img\" aria-label=\"Note 4.00 sur 5\"><span style=\"width:80%\">Not\u00e9 <strong class=\"rating\">4.00<\/strong> sur 5 bas\u00e9 sur <span class=\"rating\">1<\/span> notation client<\/span><\/div><\/div>\n\t\t\t\t<div class=\"wp-block-button wc-block-grid__product-add-to-cart\"><a href=\"\/index.php\/wp-json\/wp\/v2\/pages\/4961?add-to-cart=573\" aria-label=\"Ajouter au panier\u00a0: &ldquo;Nina - Bijou au lait maternel&rdquo;\" data-quantity=\"1\" data-product_id=\"573\" data-product_sku=\"c07\" data-price=\"79.9\" rel=\"nofollow\" class=\"wp-block-button__link  add_to_cart_button ajax_add_to_cart\">Ajouter au panier<\/a><\/div>\n\t\t\t<\/li><li class=\"wc-block-grid__product\">\n\t\t\t\t<a href=\"https:\/\/tetou-ne.com\/index.php\/product\/salome-bijou-au-lait-maternel\/\" class=\"wc-block-grid__product-link\">\n\t\t\t\t\t\n\t\t\t\t\t<div class=\"wc-block-grid__product-image\"><img decoding=\"async\" width=\"324\" height=\"324\" src=\"https:\/\/i0.wp.com\/tetou-ne.com\/wp-content\/uploads\/2023\/05\/ChatGPT-Image-17-mars-2026-10_53_45.png?resize=324%2C324&amp;ssl=1\" class=\"attachment-woocommerce_thumbnail size-woocommerce_thumbnail\" alt=\"Bague Salom\u00e9 - Bijoux au lait maternel\" srcset=\"https:\/\/i0.wp.com\/tetou-ne.com\/wp-content\/uploads\/2023\/05\/ChatGPT-Image-17-mars-2026-10_53_45.png?w=1024&amp;ssl=1 1024w, https:\/\/i0.wp.com\/tetou-ne.com\/wp-content\/uploads\/2023\/05\/ChatGPT-Image-17-mars-2026-10_53_45.png?resize=300%2C300&amp;ssl=1 300w, https:\/\/i0.wp.com\/tetou-ne.com\/wp-content\/uploads\/2023\/05\/ChatGPT-Image-17-mars-2026-10_53_45.png?resize=150%2C150&amp;ssl=1 150w, https:\/\/i0.wp.com\/tetou-ne.com\/wp-content\/uploads\/2023\/05\/ChatGPT-Image-17-mars-2026-10_53_45.png?resize=768%2C768&amp;ssl=1 768w, https:\/\/i0.wp.com\/tetou-ne.com\/wp-content\/uploads\/2023\/05\/ChatGPT-Image-17-mars-2026-10_53_45.png?resize=324%2C324&amp;ssl=1 324w, https:\/\/i0.wp.com\/tetou-ne.com\/wp-content\/uploads\/2023\/05\/ChatGPT-Image-17-mars-2026-10_53_45.png?resize=416%2C416&amp;ssl=1 416w, https:\/\/i0.wp.com\/tetou-ne.com\/wp-content\/uploads\/2023\/05\/ChatGPT-Image-17-mars-2026-10_53_45.png?resize=100%2C100&amp;ssl=1 100w\" sizes=\"(max-width: 324px) 100vw, 324px\" \/><\/div>\n\t\t\t\t\t<div class=\"wc-block-grid__product-title\">Bague Salom\u00e9 &#8211; Bijou au lait maternel<\/div>\n\t\t\t\t<\/a>\n\t\t\t\t<div class=\"wc-block-grid__product-price price\"><span class=\"woocommerce-Price-amount amount\">75,90&nbsp;<span class=\"woocommerce-Price-currencySymbol\">&euro;<\/span><\/span><\/div>\n\t\t\t\t\n\t\t\t\t<div class=\"wp-block-button wc-block-grid__product-add-to-cart\"><a href=\"https:\/\/tetou-ne.com\/index.php\/product\/salome-bijou-au-lait-maternel\/\" aria-label=\"Ajouter au panier\u00a0: &ldquo;Bague Salom\u00e9 - Bijou au lait maternel&rdquo;\" data-quantity=\"1\" data-product_id=\"232\" data-product_sku=\"c06\" data-price=\"75.9\" rel=\"nofollow\" class=\"wp-block-button__link  add_to_cart_button\">S\u00e9lectionner des options<\/a><\/div>\n\t\t\t<\/li><\/ul><\/div>","protected":false},"excerpt":{"rendered":"<p>Certains mod\u00e8les de bagues au lait maternel sont d\u00e9clinables en argent\u00e9s et\/ou dor\u00e9s et\/ou rose gold. Les photos sont des exemples de personnalisables et sont r\u00e9alisables sans lait maternel.<\/p>\n","protected":false},"author":1,"featured_media":0,"parent":0,"menu_order":0,"comment_status":"closed","ping_status":"closed","template":"","meta":{"footnotes":""},"class_list":["post-4961","page","type-page","status-publish","hentry"],"yoast_head":"<!-- This site is optimized with the Yoast SEO Premium plugin v27.4 (Yoast SEO v27.4) - https:\/\/yoast.com\/product\/yoast-seo-premium-wordpress\/ -->\n<title>bagues au lait maternel dor\u00e9es<\/title>\n<meta name=\"description\" content=\"Les bagues au lait maternel dor\u00e9es de T\u00e9tou N\u00e9 repr\u00e9sentent le symbole de ce lien si fort qui vous unit avec votre b\u00e9b\u00e9.\" \/>\n<meta name=\"robots\" content=\"index, follow, max-snippet:-1, max-image-preview:large, max-video-preview:-1\" \/>\n<link rel=\"canonical\" href=\"https:\/\/tetou-ne.com\/index.php\/bagues-au-lait-maternel-dorees\/\" \/>\n<meta property=\"og:locale\" content=\"fr_FR\" \/>\n<meta property=\"og:type\" content=\"article\" \/>\n<meta property=\"og:title\" content=\"T\u00e9tou N\u00e9 - Bijoux au lait maternel\" \/>\n<meta property=\"og:description\" content=\"T\u00e9tou N\u00e9 immortalise votre allaitement depuis 2019 en cr\u00e9ant \u00e0 la main vos bijoux au lait maternel 100 % personnalisables. Artisan d&#039;art certifi\u00e9e par la Chambre des M\u00e9tiers et de l&#039;Artisanat en 2023.\" \/>\n<meta property=\"og:url\" content=\"https:\/\/tetou-ne.com\/index.php\/bagues-au-lait-maternel-dorees\/\" \/>\n<meta property=\"og:site_name\" content=\"tetou-ne.com\" \/>\n<meta property=\"article:publisher\" content=\"https:\/\/www.facebook.com\/tetounebijouxaulaitmaternel\" \/>\n<meta property=\"article:modified_time\" content=\"2025-02-17T07:51:28+00:00\" \/>\n<meta property=\"og:image\" content=\"https:\/\/tetou-ne.com\/wp-content\/uploads\/2026\/03\/9959a079-9cae-400c-935a-8055dca5d92e-1024x683.png\" \/>\n\t<meta property=\"og:image:width\" content=\"1024\" \/>\n\t<meta property=\"og:image:height\" content=\"683\" \/>\n\t<meta property=\"og:image:type\" content=\"image\/png\" \/>\n<meta name=\"twitter:card\" content=\"summary_large_image\" \/>\n<meta name=\"twitter:label1\" content=\"Dur\u00e9e de lecture estim\u00e9e\" \/>\n\t<meta name=\"twitter:data1\" content=\"1 minute\" \/>\n<script type=\"application\/ld+json\" class=\"yoast-schema-graph\">{\"@context\":\"https:\\\/\\\/schema.org\",\"@graph\":[{\"@type\":\"WebPage\",\"@id\":\"https:\\\/\\\/tetou-ne.com\\\/index.php\\\/bagues-au-lait-maternel-dorees\\\/\",\"url\":\"https:\\\/\\\/tetou-ne.com\\\/index.php\\\/bagues-au-lait-maternel-dorees\\\/\",\"name\":\"bagues au lait maternel dor\u00e9es\",\"isPartOf\":{\"@id\":\"https:\\\/\\\/tetou-ne.com\\\/#website\"},\"datePublished\":\"2024-11-10T16:02:27+00:00\",\"dateModified\":\"2025-02-17T07:51:28+00:00\",\"description\":\"Les bagues au lait maternel dor\u00e9es de T\u00e9tou N\u00e9 repr\u00e9sentent le symbole de ce lien si fort qui vous unit avec votre b\u00e9b\u00e9.\",\"breadcrumb\":{\"@id\":\"https:\\\/\\\/tetou-ne.com\\\/index.php\\\/bagues-au-lait-maternel-dorees\\\/#breadcrumb\"},\"inLanguage\":\"fr-FR\",\"potentialAction\":[{\"@type\":\"ReadAction\",\"target\":[\"https:\\\/\\\/tetou-ne.com\\\/index.php\\\/bagues-au-lait-maternel-dorees\\\/\"]}]},{\"@type\":\"BreadcrumbList\",\"@id\":\"https:\\\/\\\/tetou-ne.com\\\/index.php\\\/bagues-au-lait-maternel-dorees\\\/#breadcrumb\",\"itemListElement\":[{\"@type\":\"ListItem\",\"position\":1,\"name\":\"Accueil\",\"item\":\"https:\\\/\\\/tetou-ne.com\\\/\"},{\"@type\":\"ListItem\",\"position\":2,\"name\":\"Les bagues lact\u00e9es dor\u00e9es\"}]},{\"@type\":\"WebSite\",\"@id\":\"https:\\\/\\\/tetou-ne.com\\\/#website\",\"url\":\"https:\\\/\\\/tetou-ne.com\\\/\",\"name\":\"tetou-ne.com\",\"description\":\"Bijoux lait maternel\",\"publisher\":{\"@id\":\"https:\\\/\\\/tetou-ne.com\\\/#organization\"},\"alternateName\":\"T\u00e9tou N\u00e9\",\"potentialAction\":[{\"@type\":\"SearchAction\",\"target\":{\"@type\":\"EntryPoint\",\"urlTemplate\":\"https:\\\/\\\/tetou-ne.com\\\/?s={search_term_string}\"},\"query-input\":{\"@type\":\"PropertyValueSpecification\",\"valueRequired\":true,\"valueName\":\"search_term_string\"}}],\"inLanguage\":\"fr-FR\"},{\"@type\":\"Organization\",\"@id\":\"https:\\\/\\\/tetou-ne.com\\\/#organization\",\"name\":\"T\u00e9tou N\u00e9\",\"alternateName\":\"Bijoux au lait maternel\",\"url\":\"https:\\\/\\\/tetou-ne.com\\\/\",\"logo\":{\"@type\":\"ImageObject\",\"inLanguage\":\"fr-FR\",\"@id\":\"https:\\\/\\\/tetou-ne.com\\\/#\\\/schema\\\/logo\\\/image\\\/\",\"url\":\"https:\\\/\\\/i0.wp.com\\\/tetou-ne.com\\\/wp-content\\\/uploads\\\/2025\\\/12\\\/cropped-logo-removebg-preview-1-2.png?fit=373%2C373&ssl=1\",\"contentUrl\":\"https:\\\/\\\/i0.wp.com\\\/tetou-ne.com\\\/wp-content\\\/uploads\\\/2025\\\/12\\\/cropped-logo-removebg-preview-1-2.png?fit=373%2C373&ssl=1\",\"width\":373,\"height\":373,\"caption\":\"T\u00e9tou N\u00e9\"},\"image\":{\"@id\":\"https:\\\/\\\/tetou-ne.com\\\/#\\\/schema\\\/logo\\\/image\\\/\"},\"sameAs\":[\"https:\\\/\\\/www.facebook.com\\\/tetounebijouxaulaitmaternel\",\"https:\\\/\\\/www.instagram.com\\\/tetou_ne_crea_lait_maternel\"],\"description\":\"T\u00e9tou N\u00e9 immortalise votre allaitement depuis 2019 en cr\u00e9ant \u00e0 la main vos bijoux au lait maternel 100 % personnalisables. Artisan d'art certifi\u00e9e par la Chambre des M\u00e9tiers et de l'Artisanat en 2023. Consultations allaitement (pr\u00e9sentiel et distanciel).\",\"email\":\"tetoune.allaitement@gmail.com\",\"telephone\":\"0680560296\",\"legalName\":\"T\u00e9tou N\u00e9\",\"foundingDate\":\"2019-09-19\",\"taxID\":\"85340422600021\",\"numberOfEmployees\":{\"@type\":\"QuantitativeValue\",\"minValue\":\"1\",\"maxValue\":\"10\"},\"publishingPrinciples\":\"https:\\\/\\\/tetou-ne.com\\\/\",\"ownershipFundingInfo\":\"https:\\\/\\\/tetou-ne.com\\\/index.php\\\/conditions-generales-de-ventes\\\/\",\"actionableFeedbackPolicy\":\"https:\\\/\\\/tetou-ne.com\\\/index.php\\\/mentions-legales\\\/\"}]}<\/script>\n<!-- \/ Yoast SEO Premium plugin. -->","yoast_head_json":{"title":"bagues au lait maternel dor\u00e9es","description":"Les bagues au lait maternel dor\u00e9es de T\u00e9tou N\u00e9 repr\u00e9sentent le symbole de ce lien si fort qui vous unit avec votre b\u00e9b\u00e9.","robots":{"index":"index","follow":"follow","max-snippet":"max-snippet:-1","max-image-preview":"max-image-preview:large","max-video-preview":"max-video-preview:-1"},"canonical":"https:\/\/tetou-ne.com\/index.php\/bagues-au-lait-maternel-dorees\/","og_locale":"fr_FR","og_type":"article","og_title":"T\u00e9tou N\u00e9 - Bijoux au lait maternel","og_description":"T\u00e9tou N\u00e9 immortalise votre allaitement depuis 2019 en cr\u00e9ant \u00e0 la main vos bijoux au lait maternel 100 % personnalisables. Artisan d'art certifi\u00e9e par la Chambre des M\u00e9tiers et de l'Artisanat en 2023.","og_url":"https:\/\/tetou-ne.com\/index.php\/bagues-au-lait-maternel-dorees\/","og_site_name":"tetou-ne.com","article_publisher":"https:\/\/www.facebook.com\/tetounebijouxaulaitmaternel","article_modified_time":"2025-02-17T07:51:28+00:00","og_image":[{"width":1024,"height":683,"url":"https:\/\/tetou-ne.com\/wp-content\/uploads\/2026\/03\/9959a079-9cae-400c-935a-8055dca5d92e-1024x683.png","type":"image\/png"}],"twitter_card":"summary_large_image","twitter_misc":{"Dur\u00e9e de lecture estim\u00e9e":"1 minute"},"schema":{"@context":"https:\/\/schema.org","@graph":[{"@type":"WebPage","@id":"https:\/\/tetou-ne.com\/index.php\/bagues-au-lait-maternel-dorees\/","url":"https:\/\/tetou-ne.com\/index.php\/bagues-au-lait-maternel-dorees\/","name":"bagues au lait maternel dor\u00e9es","isPartOf":{"@id":"https:\/\/tetou-ne.com\/#website"},"datePublished":"2024-11-10T16:02:27+00:00","dateModified":"2025-02-17T07:51:28+00:00","description":"Les bagues au lait maternel dor\u00e9es de T\u00e9tou N\u00e9 repr\u00e9sentent le symbole de ce lien si fort qui vous unit avec votre b\u00e9b\u00e9.","breadcrumb":{"@id":"https:\/\/tetou-ne.com\/index.php\/bagues-au-lait-maternel-dorees\/#breadcrumb"},"inLanguage":"fr-FR","potentialAction":[{"@type":"ReadAction","target":["https:\/\/tetou-ne.com\/index.php\/bagues-au-lait-maternel-dorees\/"]}]},{"@type":"BreadcrumbList","@id":"https:\/\/tetou-ne.com\/index.php\/bagues-au-lait-maternel-dorees\/#breadcrumb","itemListElement":[{"@type":"ListItem","position":1,"name":"Accueil","item":"https:\/\/tetou-ne.com\/"},{"@type":"ListItem","position":2,"name":"Les bagues lact\u00e9es dor\u00e9es"}]},{"@type":"WebSite","@id":"https:\/\/tetou-ne.com\/#website","url":"https:\/\/tetou-ne.com\/","name":"tetou-ne.com","description":"Bijoux lait maternel","publisher":{"@id":"https:\/\/tetou-ne.com\/#organization"},"alternateName":"T\u00e9tou N\u00e9","potentialAction":[{"@type":"SearchAction","target":{"@type":"EntryPoint","urlTemplate":"https:\/\/tetou-ne.com\/?s={search_term_string}"},"query-input":{"@type":"PropertyValueSpecification","valueRequired":true,"valueName":"search_term_string"}}],"inLanguage":"fr-FR"},{"@type":"Organization","@id":"https:\/\/tetou-ne.com\/#organization","name":"T\u00e9tou N\u00e9","alternateName":"Bijoux au lait maternel","url":"https:\/\/tetou-ne.com\/","logo":{"@type":"ImageObject","inLanguage":"fr-FR","@id":"https:\/\/tetou-ne.com\/#\/schema\/logo\/image\/","url":"https:\/\/i0.wp.com\/tetou-ne.com\/wp-content\/uploads\/2025\/12\/cropped-logo-removebg-preview-1-2.png?fit=373%2C373&ssl=1","contentUrl":"https:\/\/i0.wp.com\/tetou-ne.com\/wp-content\/uploads\/2025\/12\/cropped-logo-removebg-preview-1-2.png?fit=373%2C373&ssl=1","width":373,"height":373,"caption":"T\u00e9tou N\u00e9"},"image":{"@id":"https:\/\/tetou-ne.com\/#\/schema\/logo\/image\/"},"sameAs":["https:\/\/www.facebook.com\/tetounebijouxaulaitmaternel","https:\/\/www.instagram.com\/tetou_ne_crea_lait_maternel"],"description":"T\u00e9tou N\u00e9 immortalise votre allaitement depuis 2019 en cr\u00e9ant \u00e0 la main vos bijoux au lait maternel 100 % personnalisables. Artisan d'art certifi\u00e9e par la Chambre des M\u00e9tiers et de l'Artisanat en 2023. Consultations allaitement (pr\u00e9sentiel et distanciel).","email":"tetoune.allaitement@gmail.com","telephone":"0680560296","legalName":"T\u00e9tou N\u00e9","foundingDate":"2019-09-19","taxID":"85340422600021","numberOfEmployees":{"@type":"QuantitativeValue","minValue":"1","maxValue":"10"},"publishingPrinciples":"https:\/\/tetou-ne.com\/","ownershipFundingInfo":"https:\/\/tetou-ne.com\/index.php\/conditions-generales-de-ventes\/","actionableFeedbackPolicy":"https:\/\/tetou-ne.com\/index.php\/mentions-legales\/"}]}},"jetpack_sharing_enabled":true,"jetpack_likes_enabled":true,"jetpack-related-posts":[],"_links":{"self":[{"href":"https:\/\/tetou-ne.com\/index.php\/wp-json\/wp\/v2\/pages\/4961","targetHints":{"allow":["GET"]}}],"collection":[{"href":"https:\/\/tetou-ne.com\/index.php\/wp-json\/wp\/v2\/pages"}],"about":[{"href":"https:\/\/tetou-ne.com\/index.php\/wp-json\/wp\/v2\/types\/page"}],"author":[{"embeddable":true,"href":"https:\/\/tetou-ne.com\/index.php\/wp-json\/wp\/v2\/users\/1"}],"replies":[{"embeddable":true,"href":"https:\/\/tetou-ne.com\/index.php\/wp-json\/wp\/v2\/comments?post=4961"}],"version-history":[{"count":2,"href":"https:\/\/tetou-ne.com\/index.php\/wp-json\/wp\/v2\/pages\/4961\/revisions"}],"predecessor-version":[{"id":4991,"href":"https:\/\/tetou-ne.com\/index.php\/wp-json\/wp\/v2\/pages\/4961\/revisions\/4991"}],"wp:attachment":[{"href":"https:\/\/tetou-ne.com\/index.php\/wp-json\/wp\/v2\/media?parent=4961"}],"curies":[{"name":"wp","href":"https:\/\/api.w.org\/{rel}","templated":true}]}}