{"id":5601,"date":"2025-06-06T14:53:04","date_gmt":"2025-06-06T12:53:04","guid":{"rendered":"https:\/\/tetou-ne.com\/?page_id=5601"},"modified":"2025-06-06T14:53:06","modified_gmt":"2025-06-06T12:53:06","slug":"on-parle-de-tetou-ne","status":"publish","type":"page","link":"https:\/\/tetou-ne.com\/index.php\/on-parle-de-tetou-ne\/","title":{"rendered":"On parle de T\u00e9tou N\u00e9"},"content":{"rendered":"\n<p>T\u00e9tou N\u00e9 est pr\u00e9sent dans la presse et bien plus encore :<\/p>\n\n\n\n<p><\/p>\n\n\n\n<p>TV Rennes :<\/p>\n\n\n<p><iframe src=\"https:\/\/www.facebook.com\/plugins\/video.php?height=314&#038;href=https%3A%2F%2Fwww.facebook.com%2FTVR35Bretagne%2Fvideos%2F3960066690711295%2F&#038;show_text=false&#038;width=560&#038;t=0\" width=\"560\" height=\"314\" style=\"border:none;overflow:hidden\" scrolling=\"no\" frameborder=\"0\" allowfullscreen=\"true\" allow=\"autoplay; clipboard-write; encrypted-media; picture-in-picture; web-share\" allowFullScreen=\"true\"><\/iframe><\/p>\n\n\n\n<p>Actu Rennes :<\/p>\n\n\n\n<p>Article juste <a href=\"https:\/\/actu.fr\/bretagne\/rennes_35238\/helene-maman-de-trois-enfants-fabrique-des-bijoux-a-partir-de-lait-maternel_52064428.html\">ici<\/a> <\/p>\n\n\n\n<p>Ouest France :<\/p>\n\n\n\n<p>Article juste <a href=\"https:\/\/www.ouest-france.fr\/bretagne\/montreuil-le-gast-35520\/montreuil-le-gast-elle-fabrique-des-bijoux-avec-du-lait-maternel-7122749\">ici <\/a><\/p>\n\n\n\n<p>Magic Maman :<\/p>\n\n\n\n<p>Article juste <a href=\"https:\/\/www.magicmaman.com\/les-immanquables\/tetou-ne-bijoux-lait-maternel\/\">ici<\/a><\/p>\n","protected":false},"excerpt":{"rendered":"<p>T\u00e9tou N\u00e9 est pr\u00e9sent dans la presse et bien plus encore : TV Rennes : Actu Rennes : Article juste ici Ouest France : Article juste ici Magic Maman : Article juste ici<\/p>\n","protected":false},"author":1,"featured_media":0,"parent":0,"menu_order":0,"comment_status":"closed","ping_status":"closed","template":"","meta":{"footnotes":""},"class_list":["post-5601","page","type-page","status-publish","hentry"],"yoast_head":"<!-- This site is optimized with the Yoast SEO Premium plugin v27.4 (Yoast SEO v27.5) - https:\/\/yoast.com\/product\/yoast-seo-premium-wordpress\/ -->\n<title>On parle de T\u00e9tou N\u00e9 &#8211; tetou-ne.com<\/title>\n<meta name=\"description\" content=\"Les bijoux au lait maternel de T\u00e9tou N\u00e9 repr\u00e9sentent le symbole de ce lien si fort qui vous unit avec votre b\u00e9b\u00e9.\" \/>\n<meta name=\"robots\" content=\"index, follow, max-snippet:-1, max-image-preview:large, max-video-preview:-1\" \/>\n<link rel=\"canonical\" href=\"https:\/\/tetou-ne.com\/index.php\/on-parle-de-tetou-ne\/\" \/>\n<meta property=\"og:locale\" content=\"fr_FR\" \/>\n<meta property=\"og:type\" content=\"article\" \/>\n<meta property=\"og:title\" content=\"T\u00e9tou N\u00e9 - Bijoux au lait maternel\" \/>\n<meta property=\"og:description\" content=\"T\u00e9tou N\u00e9 immortalise votre allaitement depuis 2019 en cr\u00e9ant \u00e0 la main vos bijoux au lait maternel 100 % personnalisables. Artisan d&#039;art certifi\u00e9e par la Chambre des M\u00e9tiers et de l&#039;Artisanat en 2023.\" \/>\n<meta property=\"og:url\" content=\"https:\/\/tetou-ne.com\/index.php\/on-parle-de-tetou-ne\/\" \/>\n<meta property=\"og:site_name\" content=\"tetou-ne.com\" \/>\n<meta property=\"article:publisher\" content=\"https:\/\/www.facebook.com\/tetounebijouxaulaitmaternel\" \/>\n<meta property=\"article:modified_time\" content=\"2025-06-06T12:53:06+00:00\" \/>\n<meta property=\"og:image\" content=\"https:\/\/tetou-ne.com\/wp-content\/uploads\/2026\/03\/9959a079-9cae-400c-935a-8055dca5d92e-1024x683.png\" \/>\n\t<meta property=\"og:image:width\" content=\"1024\" \/>\n\t<meta property=\"og:image:height\" content=\"683\" \/>\n\t<meta property=\"og:image:type\" content=\"image\/png\" \/>\n<meta name=\"twitter:card\" content=\"summary_large_image\" \/>\n<meta name=\"twitter:label1\" content=\"Dur\u00e9e de lecture estim\u00e9e\" \/>\n\t<meta name=\"twitter:data1\" content=\"1 minute\" \/>\n<script type=\"application\/ld+json\" class=\"yoast-schema-graph\">{\"@context\":\"https:\\\/\\\/schema.org\",\"@graph\":[{\"@type\":\"WebPage\",\"@id\":\"https:\\\/\\\/tetou-ne.com\\\/index.php\\\/on-parle-de-tetou-ne\\\/\",\"url\":\"https:\\\/\\\/tetou-ne.com\\\/index.php\\\/on-parle-de-tetou-ne\\\/\",\"name\":\"On parle de T\u00e9tou N\u00e9 &#8211; tetou-ne.com\",\"isPartOf\":{\"@id\":\"https:\\\/\\\/tetou-ne.com\\\/#website\"},\"datePublished\":\"2025-06-06T12:53:04+00:00\",\"dateModified\":\"2025-06-06T12:53:06+00:00\",\"description\":\"Les bijoux au lait maternel de T\u00e9tou N\u00e9 repr\u00e9sentent le symbole de ce lien si fort qui vous unit avec votre b\u00e9b\u00e9.\",\"breadcrumb\":{\"@id\":\"https:\\\/\\\/tetou-ne.com\\\/index.php\\\/on-parle-de-tetou-ne\\\/#breadcrumb\"},\"inLanguage\":\"fr-FR\",\"potentialAction\":[{\"@type\":\"ReadAction\",\"target\":[\"https:\\\/\\\/tetou-ne.com\\\/index.php\\\/on-parle-de-tetou-ne\\\/\"]}]},{\"@type\":\"BreadcrumbList\",\"@id\":\"https:\\\/\\\/tetou-ne.com\\\/index.php\\\/on-parle-de-tetou-ne\\\/#breadcrumb\",\"itemListElement\":[{\"@type\":\"ListItem\",\"position\":1,\"name\":\"Accueil\",\"item\":\"https:\\\/\\\/tetou-ne.com\\\/\"},{\"@type\":\"ListItem\",\"position\":2,\"name\":\"On parle de T\u00e9tou N\u00e9\"}]},{\"@type\":\"WebSite\",\"@id\":\"https:\\\/\\\/tetou-ne.com\\\/#website\",\"url\":\"https:\\\/\\\/tetou-ne.com\\\/\",\"name\":\"tetou-ne.com\",\"description\":\"Bijoux lait maternel\",\"publisher\":{\"@id\":\"https:\\\/\\\/tetou-ne.com\\\/#organization\"},\"alternateName\":\"T\u00e9tou N\u00e9\",\"potentialAction\":[{\"@type\":\"SearchAction\",\"target\":{\"@type\":\"EntryPoint\",\"urlTemplate\":\"https:\\\/\\\/tetou-ne.com\\\/?s={search_term_string}\"},\"query-input\":{\"@type\":\"PropertyValueSpecification\",\"valueRequired\":true,\"valueName\":\"search_term_string\"}}],\"inLanguage\":\"fr-FR\"},{\"@type\":\"Organization\",\"@id\":\"https:\\\/\\\/tetou-ne.com\\\/#organization\",\"name\":\"T\u00e9tou N\u00e9\",\"alternateName\":\"Bijoux au lait maternel\",\"url\":\"https:\\\/\\\/tetou-ne.com\\\/\",\"logo\":{\"@type\":\"ImageObject\",\"inLanguage\":\"fr-FR\",\"@id\":\"https:\\\/\\\/tetou-ne.com\\\/#\\\/schema\\\/logo\\\/image\\\/\",\"url\":\"https:\\\/\\\/i0.wp.com\\\/tetou-ne.com\\\/wp-content\\\/uploads\\\/2025\\\/12\\\/cropped-logo-removebg-preview-1-2.png?fit=373%2C373&ssl=1\",\"contentUrl\":\"https:\\\/\\\/i0.wp.com\\\/tetou-ne.com\\\/wp-content\\\/uploads\\\/2025\\\/12\\\/cropped-logo-removebg-preview-1-2.png?fit=373%2C373&ssl=1\",\"width\":373,\"height\":373,\"caption\":\"T\u00e9tou N\u00e9\"},\"image\":{\"@id\":\"https:\\\/\\\/tetou-ne.com\\\/#\\\/schema\\\/logo\\\/image\\\/\"},\"sameAs\":[\"https:\\\/\\\/www.facebook.com\\\/tetounebijouxaulaitmaternel\",\"https:\\\/\\\/www.instagram.com\\\/tetou_ne_crea_lait_maternel\"],\"description\":\"T\u00e9tou N\u00e9 immortalise votre allaitement depuis 2019 en cr\u00e9ant \u00e0 la main vos bijoux au lait maternel 100 % personnalisables. Artisan d'art certifi\u00e9e par la Chambre des M\u00e9tiers et de l'Artisanat en 2023. Consultations allaitement (pr\u00e9sentiel et distanciel).\",\"email\":\"tetoune.allaitement@gmail.com\",\"telephone\":\"0680560296\",\"legalName\":\"T\u00e9tou N\u00e9\",\"foundingDate\":\"2019-09-19\",\"taxID\":\"85340422600021\",\"numberOfEmployees\":{\"@type\":\"QuantitativeValue\",\"minValue\":\"1\",\"maxValue\":\"10\"},\"publishingPrinciples\":\"https:\\\/\\\/tetou-ne.com\\\/\",\"ownershipFundingInfo\":\"https:\\\/\\\/tetou-ne.com\\\/index.php\\\/conditions-generales-de-ventes\\\/\",\"actionableFeedbackPolicy\":\"https:\\\/\\\/tetou-ne.com\\\/index.php\\\/mentions-legales\\\/\"}]}<\/script>\n<!-- \/ Yoast SEO Premium plugin. -->","yoast_head_json":{"title":"On parle de T\u00e9tou N\u00e9 &#8211; tetou-ne.com","description":"Les bijoux au lait maternel de T\u00e9tou N\u00e9 repr\u00e9sentent le symbole de ce lien si fort qui vous unit avec votre b\u00e9b\u00e9.","robots":{"index":"index","follow":"follow","max-snippet":"max-snippet:-1","max-image-preview":"max-image-preview:large","max-video-preview":"max-video-preview:-1"},"canonical":"https:\/\/tetou-ne.com\/index.php\/on-parle-de-tetou-ne\/","og_locale":"fr_FR","og_type":"article","og_title":"T\u00e9tou N\u00e9 - Bijoux au lait maternel","og_description":"T\u00e9tou N\u00e9 immortalise votre allaitement depuis 2019 en cr\u00e9ant \u00e0 la main vos bijoux au lait maternel 100 % personnalisables. Artisan d'art certifi\u00e9e par la Chambre des M\u00e9tiers et de l'Artisanat en 2023.","og_url":"https:\/\/tetou-ne.com\/index.php\/on-parle-de-tetou-ne\/","og_site_name":"tetou-ne.com","article_publisher":"https:\/\/www.facebook.com\/tetounebijouxaulaitmaternel","article_modified_time":"2025-06-06T12:53:06+00:00","og_image":[{"width":1024,"height":683,"url":"https:\/\/tetou-ne.com\/wp-content\/uploads\/2026\/03\/9959a079-9cae-400c-935a-8055dca5d92e-1024x683.png","type":"image\/png"}],"twitter_card":"summary_large_image","twitter_misc":{"Dur\u00e9e de lecture estim\u00e9e":"1 minute"},"schema":{"@context":"https:\/\/schema.org","@graph":[{"@type":"WebPage","@id":"https:\/\/tetou-ne.com\/index.php\/on-parle-de-tetou-ne\/","url":"https:\/\/tetou-ne.com\/index.php\/on-parle-de-tetou-ne\/","name":"On parle de T\u00e9tou N\u00e9 &#8211; tetou-ne.com","isPartOf":{"@id":"https:\/\/tetou-ne.com\/#website"},"datePublished":"2025-06-06T12:53:04+00:00","dateModified":"2025-06-06T12:53:06+00:00","description":"Les bijoux au lait maternel de T\u00e9tou N\u00e9 repr\u00e9sentent le symbole de ce lien si fort qui vous unit avec votre b\u00e9b\u00e9.","breadcrumb":{"@id":"https:\/\/tetou-ne.com\/index.php\/on-parle-de-tetou-ne\/#breadcrumb"},"inLanguage":"fr-FR","potentialAction":[{"@type":"ReadAction","target":["https:\/\/tetou-ne.com\/index.php\/on-parle-de-tetou-ne\/"]}]},{"@type":"BreadcrumbList","@id":"https:\/\/tetou-ne.com\/index.php\/on-parle-de-tetou-ne\/#breadcrumb","itemListElement":[{"@type":"ListItem","position":1,"name":"Accueil","item":"https:\/\/tetou-ne.com\/"},{"@type":"ListItem","position":2,"name":"On parle de T\u00e9tou N\u00e9"}]},{"@type":"WebSite","@id":"https:\/\/tetou-ne.com\/#website","url":"https:\/\/tetou-ne.com\/","name":"tetou-ne.com","description":"Bijoux lait maternel","publisher":{"@id":"https:\/\/tetou-ne.com\/#organization"},"alternateName":"T\u00e9tou N\u00e9","potentialAction":[{"@type":"SearchAction","target":{"@type":"EntryPoint","urlTemplate":"https:\/\/tetou-ne.com\/?s={search_term_string}"},"query-input":{"@type":"PropertyValueSpecification","valueRequired":true,"valueName":"search_term_string"}}],"inLanguage":"fr-FR"},{"@type":"Organization","@id":"https:\/\/tetou-ne.com\/#organization","name":"T\u00e9tou N\u00e9","alternateName":"Bijoux au lait maternel","url":"https:\/\/tetou-ne.com\/","logo":{"@type":"ImageObject","inLanguage":"fr-FR","@id":"https:\/\/tetou-ne.com\/#\/schema\/logo\/image\/","url":"https:\/\/i0.wp.com\/tetou-ne.com\/wp-content\/uploads\/2025\/12\/cropped-logo-removebg-preview-1-2.png?fit=373%2C373&ssl=1","contentUrl":"https:\/\/i0.wp.com\/tetou-ne.com\/wp-content\/uploads\/2025\/12\/cropped-logo-removebg-preview-1-2.png?fit=373%2C373&ssl=1","width":373,"height":373,"caption":"T\u00e9tou N\u00e9"},"image":{"@id":"https:\/\/tetou-ne.com\/#\/schema\/logo\/image\/"},"sameAs":["https:\/\/www.facebook.com\/tetounebijouxaulaitmaternel","https:\/\/www.instagram.com\/tetou_ne_crea_lait_maternel"],"description":"T\u00e9tou N\u00e9 immortalise votre allaitement depuis 2019 en cr\u00e9ant \u00e0 la main vos bijoux au lait maternel 100 % personnalisables. Artisan d'art certifi\u00e9e par la Chambre des M\u00e9tiers et de l'Artisanat en 2023. Consultations allaitement (pr\u00e9sentiel et distanciel).","email":"tetoune.allaitement@gmail.com","telephone":"0680560296","legalName":"T\u00e9tou N\u00e9","foundingDate":"2019-09-19","taxID":"85340422600021","numberOfEmployees":{"@type":"QuantitativeValue","minValue":"1","maxValue":"10"},"publishingPrinciples":"https:\/\/tetou-ne.com\/","ownershipFundingInfo":"https:\/\/tetou-ne.com\/index.php\/conditions-generales-de-ventes\/","actionableFeedbackPolicy":"https:\/\/tetou-ne.com\/index.php\/mentions-legales\/"}]}},"jetpack_sharing_enabled":true,"jetpack_likes_enabled":true,"jetpack-related-posts":[],"_links":{"self":[{"href":"https:\/\/tetou-ne.com\/index.php\/wp-json\/wp\/v2\/pages\/5601","targetHints":{"allow":["GET"]}}],"collection":[{"href":"https:\/\/tetou-ne.com\/index.php\/wp-json\/wp\/v2\/pages"}],"about":[{"href":"https:\/\/tetou-ne.com\/index.php\/wp-json\/wp\/v2\/types\/page"}],"author":[{"embeddable":true,"href":"https:\/\/tetou-ne.com\/index.php\/wp-json\/wp\/v2\/users\/1"}],"replies":[{"embeddable":true,"href":"https:\/\/tetou-ne.com\/index.php\/wp-json\/wp\/v2\/comments?post=5601"}],"version-history":[{"count":1,"href":"https:\/\/tetou-ne.com\/index.php\/wp-json\/wp\/v2\/pages\/5601\/revisions"}],"predecessor-version":[{"id":6069,"href":"https:\/\/tetou-ne.com\/index.php\/wp-json\/wp\/v2\/pages\/5601\/revisions\/6069"}],"wp:attachment":[{"href":"https:\/\/tetou-ne.com\/index.php\/wp-json\/wp\/v2\/media?parent=5601"}],"curies":[{"name":"wp","href":"https:\/\/api.w.org\/{rel}","templated":true}]}}