{"id":6,"date":"2023-05-03T12:25:56","date_gmt":"2023-05-03T10:25:56","guid":{"rendered":"http:\/\/tetou-ne.com\/index.php\/cart\/"},"modified":"2024-10-30T08:49:40","modified_gmt":"2024-10-30T07:49:40","slug":"commande","status":"publish","type":"page","link":"https:\/\/tetou-ne.com\/index.php\/commande\/","title":{"rendered":"Panier"},"content":{"rendered":"\n\n\n\n<div style=\"height:100px\" aria-hidden=\"true\" class=\"wp-block-spacer\"><\/div>\n\n\n\n<h3 class=\"wp-block-heading\">Le processus de commande :<\/h3>\n\n\n\n<p>comprend de ce fait l&rsquo;envoi de plusieurs emails pour informer le client \u00e0 chaque \u00e9tape :<\/p>\n\n\n\n<ul class=\"wp-block-list\">\n<li>la facture,<\/li>\n\n\n\n<li>la r\u00e9ception des \u00e9l\u00e9ments,<\/li>\n\n\n\n<li>le d\u00e9but de la confection,<\/li>\n\n\n\n<li>le montage\/assemblage et<\/li>\n\n\n\n<li>l&rsquo;exp\u00e9dition.<\/li>\n<\/ul>\n\n\n\n<p><strong>Il est important de glisser les coordonn\u00e9es du client dans l&rsquo;enveloppe contenant le lait maternel.<\/strong><\/p>\n\n\n\n<p>Cela permettra \u00e0 la cr\u00e9atrice de suivre l&rsquo;origine du lait maternel et autres \u00e9l\u00e9ments. Ce qui est important pour assurer la tra\u00e7abilit\u00e9 et la s\u00e9curit\u00e9 des produits.<\/p>\n\n\n\n<p>Effectivement, le client doit envoyer 3 ml de lait maternel (frais ou congel\u00e9) et des m\u00e8ches de cheveux de 3 cm de long et 1 cm d&rsquo;\u00e9paisseur. Envoyez rapidement votre lait maternel et autres \u00e9l\u00e9ments \u00e0 l&rsquo;atelier. Pas besoin d&rsquo;attendre un kit de recueil, gagnez du temps pr\u00e9cieux pour recevoir votre bijou au lait maternel. <\/p>\n\n\n\n<p>Votre lait maternel peut \u00eatre frais ou congel\u00e9 depuis de tr\u00e8s nombreuses ann\u00e9es. \u00c9tant donn\u00e9 qu&rsquo;il n&rsquo;a pas pour but d&rsquo;\u00eatre consomm\u00e9 cela ne pose aucun souci.<\/p>\n\n\n\n<p class=\"has-text-align-justify\">A r\u00e9ception de votre lait maternel \u00e0 l&rsquo;atelier de T\u00e9tou N\u00e9, en premier lieu nous d\u00e9butons de suite le traitement de votre lait maternel. Pour r\u00e9aliser vos bijoux lact\u00e9s, nous le d\u00e9graissons, le st\u00e9rilisons puis le d\u00e9shydratons. Une fois r\u00e9duit en poudre, il est par ailleurs le pigment naturel de votre bijou. Chaque bijou au lait maternel symbole de votre allaitement sera donc unique de part sa conception. <\/p>\n\n\n\n<p><br>La cr\u00e9ation des bijoux prend 10 \u00e0 12 semaines \u00e0 r\u00e9ception de vos \u00e9l\u00e9ments \u00e0 l&rsquo;atelier, auxquelles s&rsquo;ajoute notamment le temps de livraison.<br>Il ne faut pas oublier que l&rsquo;\u00e9quipe de service client\u00e8le est disponible pour toute question ou pr\u00e9occupation concernant la commande.<br>Pour toute question, le client peut contacter l&rsquo;entreprise plus pr\u00e9cis\u00e9ment via Messenger ou par email.<\/p>\n\n\n\n<p class=\"has-text-align-justify\">En cas de commande cumul\u00e9 de bijoux grav\u00e9s personnalis\u00e9s et de bijoux au lait maternel, un seul envoi sera r\u00e9alis\u00e9. C&rsquo;est \u00e0 dire que le d\u00e9lai pris en compte sera de 10 \u00e0 12 semaines avant l&rsquo;exp\u00e9dition des bijoux. <\/p>\n\n\n\n<p>Le d\u00e9lai de livraison peut&nbsp; en somme varier en fonction de l&#8217;emplacement du client et des \u00e9ventuels retards de livraison de la poste ou du transporteur.<br>Le client recevra \u00e9galement un num\u00e9ro de suivi pour suivre l&rsquo;acheminement de sa commande.<\/p>\n\n\n\n<p><\/p>\n\n\n\n<p class=\"has-text-align-justify\">Aussi nous \u00e9tudions toute cr\u00e9ation (bijoux, d\u00e9corations ou empreintes) <\/p>\n\n\n\n<h3 class=\"wp-block-heading\" id=\"h-suivez-nous-sur-les-reseaux-sociaux\">Suivez nous sur les r\u00e9seaux sociaux :<\/h3>\n\n\n\n<p><a href=\"https:\/\/www.facebook.com\/tetounebijouxaulaitmaternel\">Facebook<\/a><\/p>\n\n\n\n<p><a href=\"https:\/\/www.instagram.com\/tetou_ne_crea_lait_maternel\/\">Instagram<\/a><\/p>\n\n\n\n<h3 class=\"wp-block-heading\" id=\"h-les-autres-bijoux-au-lait-maternel\">Les autres bijoux au lait maternel :<\/h3>\n\n\n\n<p><a href=\"https:\/\/tetou-ne.com\">Bouti<\/a><a href=\"https:\/\/tetou-ne.com\/index.php\/bijoux-au-lait-maternel-2\/\">que<\/a><\/p>\n","protected":false},"excerpt":{"rendered":"<p>Le processus de commande : comprend de ce fait l&rsquo;envoi de plusieurs emails pour informer le client \u00e0 chaque \u00e9tape : Il est important de glisser les coordonn\u00e9es du client dans l&rsquo;enveloppe contenant le lait maternel. Cela permettra \u00e0 la cr\u00e9atrice de suivre l&rsquo;origine du lait maternel et autres \u00e9l\u00e9ments. Ce qui est important pour [&hellip;]<\/p>\n","protected":false},"author":1,"featured_media":0,"parent":0,"menu_order":0,"comment_status":"closed","ping_status":"closed","template":"","meta":{"footnotes":""},"class_list":["post-6","page","type-page","status-publish","hentry"],"yoast_head":"<!-- This site is optimized with the Yoast SEO Premium plugin v27.4 (Yoast SEO v27.4) - https:\/\/yoast.com\/product\/yoast-seo-premium-wordpress\/ -->\n<title>Commande - Bijoux au lait maternel - T\u00e9tou N\u00e9<\/title>\n<meta name=\"description\" content=\"Rendez-vous apr\u00e8s votre validation de commande chez T\u00e9tou N\u00e9. Garder un souvenir de ce lien si fort avec votre b\u00e9b\u00e9.\" \/>\n<meta name=\"robots\" content=\"index, follow, max-snippet:-1, max-image-preview:large, max-video-preview:-1\" \/>\n<link rel=\"canonical\" href=\"https:\/\/tetou-ne.com\/index.php\/commande\/\" \/>\n<meta property=\"og:locale\" content=\"fr_FR\" \/>\n<meta property=\"og:type\" content=\"article\" \/>\n<meta property=\"og:title\" content=\"T\u00e9tou N\u00e9 - Bijoux au lait maternel\" \/>\n<meta property=\"og:description\" content=\"T\u00e9tou N\u00e9 immortalise votre allaitement depuis 2019 en cr\u00e9ant \u00e0 la main vos bijoux au lait maternel 100 % personnalisables. Artisan d&#039;art certifi\u00e9e par la Chambre des M\u00e9tiers et de l&#039;Artisanat en 2023.\" \/>\n<meta property=\"og:url\" content=\"https:\/\/tetou-ne.com\/index.php\/commande\/\" \/>\n<meta property=\"og:site_name\" content=\"tetou-ne.com\" \/>\n<meta property=\"article:publisher\" content=\"https:\/\/www.facebook.com\/tetounebijouxaulaitmaternel\" \/>\n<meta property=\"article:modified_time\" content=\"2024-10-30T07:49:40+00:00\" \/>\n<meta property=\"og:image\" content=\"https:\/\/tetou-ne.com\/wp-content\/uploads\/2026\/03\/9959a079-9cae-400c-935a-8055dca5d92e-1024x683.png\" \/>\n\t<meta property=\"og:image:width\" content=\"1024\" \/>\n\t<meta property=\"og:image:height\" content=\"683\" \/>\n\t<meta property=\"og:image:type\" content=\"image\/png\" \/>\n<meta name=\"twitter:card\" content=\"summary_large_image\" \/>\n<meta name=\"twitter:label1\" content=\"Dur\u00e9e de lecture estim\u00e9e\" \/>\n\t<meta name=\"twitter:data1\" content=\"2 minutes\" \/>\n<script type=\"application\/ld+json\" class=\"yoast-schema-graph\">{\"@context\":\"https:\\\/\\\/schema.org\",\"@graph\":[{\"@type\":\"WebPage\",\"@id\":\"https:\\\/\\\/tetou-ne.com\\\/index.php\\\/commande\\\/\",\"url\":\"https:\\\/\\\/tetou-ne.com\\\/index.php\\\/commande\\\/\",\"name\":\"Commande - Bijoux au lait maternel - T\u00e9tou N\u00e9\",\"isPartOf\":{\"@id\":\"https:\\\/\\\/tetou-ne.com\\\/#website\"},\"datePublished\":\"2023-05-03T10:25:56+00:00\",\"dateModified\":\"2024-10-30T07:49:40+00:00\",\"description\":\"Rendez-vous apr\u00e8s votre validation de commande chez T\u00e9tou N\u00e9. Garder un souvenir de ce lien si fort avec votre b\u00e9b\u00e9.\",\"breadcrumb\":{\"@id\":\"https:\\\/\\\/tetou-ne.com\\\/index.php\\\/commande\\\/#breadcrumb\"},\"inLanguage\":\"fr-FR\",\"potentialAction\":[{\"@type\":\"ReadAction\",\"target\":[\"https:\\\/\\\/tetou-ne.com\\\/index.php\\\/commande\\\/\"]}]},{\"@type\":\"BreadcrumbList\",\"@id\":\"https:\\\/\\\/tetou-ne.com\\\/index.php\\\/commande\\\/#breadcrumb\",\"itemListElement\":[{\"@type\":\"ListItem\",\"position\":1,\"name\":\"Accueil\",\"item\":\"https:\\\/\\\/tetou-ne.com\\\/\"},{\"@type\":\"ListItem\",\"position\":2,\"name\":\"Panier\"}]},{\"@type\":\"WebSite\",\"@id\":\"https:\\\/\\\/tetou-ne.com\\\/#website\",\"url\":\"https:\\\/\\\/tetou-ne.com\\\/\",\"name\":\"tetou-ne.com\",\"description\":\"Bijoux lait maternel\",\"publisher\":{\"@id\":\"https:\\\/\\\/tetou-ne.com\\\/#organization\"},\"alternateName\":\"T\u00e9tou N\u00e9\",\"potentialAction\":[{\"@type\":\"SearchAction\",\"target\":{\"@type\":\"EntryPoint\",\"urlTemplate\":\"https:\\\/\\\/tetou-ne.com\\\/?s={search_term_string}\"},\"query-input\":{\"@type\":\"PropertyValueSpecification\",\"valueRequired\":true,\"valueName\":\"search_term_string\"}}],\"inLanguage\":\"fr-FR\"},{\"@type\":\"Organization\",\"@id\":\"https:\\\/\\\/tetou-ne.com\\\/#organization\",\"name\":\"T\u00e9tou N\u00e9\",\"alternateName\":\"Bijoux au lait maternel\",\"url\":\"https:\\\/\\\/tetou-ne.com\\\/\",\"logo\":{\"@type\":\"ImageObject\",\"inLanguage\":\"fr-FR\",\"@id\":\"https:\\\/\\\/tetou-ne.com\\\/#\\\/schema\\\/logo\\\/image\\\/\",\"url\":\"https:\\\/\\\/i0.wp.com\\\/tetou-ne.com\\\/wp-content\\\/uploads\\\/2025\\\/12\\\/cropped-logo-removebg-preview-1-2.png?fit=373%2C373&ssl=1\",\"contentUrl\":\"https:\\\/\\\/i0.wp.com\\\/tetou-ne.com\\\/wp-content\\\/uploads\\\/2025\\\/12\\\/cropped-logo-removebg-preview-1-2.png?fit=373%2C373&ssl=1\",\"width\":373,\"height\":373,\"caption\":\"T\u00e9tou N\u00e9\"},\"image\":{\"@id\":\"https:\\\/\\\/tetou-ne.com\\\/#\\\/schema\\\/logo\\\/image\\\/\"},\"sameAs\":[\"https:\\\/\\\/www.facebook.com\\\/tetounebijouxaulaitmaternel\",\"https:\\\/\\\/www.instagram.com\\\/tetou_ne_crea_lait_maternel\"],\"description\":\"T\u00e9tou N\u00e9 immortalise votre allaitement depuis 2019 en cr\u00e9ant \u00e0 la main vos bijoux au lait maternel 100 % personnalisables. Artisan d'art certifi\u00e9e par la Chambre des M\u00e9tiers et de l'Artisanat en 2023. Consultations allaitement (pr\u00e9sentiel et distanciel).\",\"email\":\"tetoune.allaitement@gmail.com\",\"telephone\":\"0680560296\",\"legalName\":\"T\u00e9tou N\u00e9\",\"foundingDate\":\"2019-09-19\",\"taxID\":\"85340422600021\",\"numberOfEmployees\":{\"@type\":\"QuantitativeValue\",\"minValue\":\"1\",\"maxValue\":\"10\"},\"publishingPrinciples\":\"https:\\\/\\\/tetou-ne.com\\\/\",\"ownershipFundingInfo\":\"https:\\\/\\\/tetou-ne.com\\\/index.php\\\/conditions-generales-de-ventes\\\/\",\"actionableFeedbackPolicy\":\"https:\\\/\\\/tetou-ne.com\\\/index.php\\\/mentions-legales\\\/\"}]}<\/script>\n<!-- \/ Yoast SEO Premium plugin. -->","yoast_head_json":{"title":"Commande - Bijoux au lait maternel - T\u00e9tou N\u00e9","description":"Rendez-vous apr\u00e8s votre validation de commande chez T\u00e9tou N\u00e9. Garder un souvenir de ce lien si fort avec votre b\u00e9b\u00e9.","robots":{"index":"index","follow":"follow","max-snippet":"max-snippet:-1","max-image-preview":"max-image-preview:large","max-video-preview":"max-video-preview:-1"},"canonical":"https:\/\/tetou-ne.com\/index.php\/commande\/","og_locale":"fr_FR","og_type":"article","og_title":"T\u00e9tou N\u00e9 - Bijoux au lait maternel","og_description":"T\u00e9tou N\u00e9 immortalise votre allaitement depuis 2019 en cr\u00e9ant \u00e0 la main vos bijoux au lait maternel 100 % personnalisables. Artisan d'art certifi\u00e9e par la Chambre des M\u00e9tiers et de l'Artisanat en 2023.","og_url":"https:\/\/tetou-ne.com\/index.php\/commande\/","og_site_name":"tetou-ne.com","article_publisher":"https:\/\/www.facebook.com\/tetounebijouxaulaitmaternel","article_modified_time":"2024-10-30T07:49:40+00:00","og_image":[{"width":1024,"height":683,"url":"https:\/\/tetou-ne.com\/wp-content\/uploads\/2026\/03\/9959a079-9cae-400c-935a-8055dca5d92e-1024x683.png","type":"image\/png"}],"twitter_card":"summary_large_image","twitter_misc":{"Dur\u00e9e de lecture estim\u00e9e":"2 minutes"},"schema":{"@context":"https:\/\/schema.org","@graph":[{"@type":"WebPage","@id":"https:\/\/tetou-ne.com\/index.php\/commande\/","url":"https:\/\/tetou-ne.com\/index.php\/commande\/","name":"Commande - Bijoux au lait maternel - T\u00e9tou N\u00e9","isPartOf":{"@id":"https:\/\/tetou-ne.com\/#website"},"datePublished":"2023-05-03T10:25:56+00:00","dateModified":"2024-10-30T07:49:40+00:00","description":"Rendez-vous apr\u00e8s votre validation de commande chez T\u00e9tou N\u00e9. Garder un souvenir de ce lien si fort avec votre b\u00e9b\u00e9.","breadcrumb":{"@id":"https:\/\/tetou-ne.com\/index.php\/commande\/#breadcrumb"},"inLanguage":"fr-FR","potentialAction":[{"@type":"ReadAction","target":["https:\/\/tetou-ne.com\/index.php\/commande\/"]}]},{"@type":"BreadcrumbList","@id":"https:\/\/tetou-ne.com\/index.php\/commande\/#breadcrumb","itemListElement":[{"@type":"ListItem","position":1,"name":"Accueil","item":"https:\/\/tetou-ne.com\/"},{"@type":"ListItem","position":2,"name":"Panier"}]},{"@type":"WebSite","@id":"https:\/\/tetou-ne.com\/#website","url":"https:\/\/tetou-ne.com\/","name":"tetou-ne.com","description":"Bijoux lait maternel","publisher":{"@id":"https:\/\/tetou-ne.com\/#organization"},"alternateName":"T\u00e9tou N\u00e9","potentialAction":[{"@type":"SearchAction","target":{"@type":"EntryPoint","urlTemplate":"https:\/\/tetou-ne.com\/?s={search_term_string}"},"query-input":{"@type":"PropertyValueSpecification","valueRequired":true,"valueName":"search_term_string"}}],"inLanguage":"fr-FR"},{"@type":"Organization","@id":"https:\/\/tetou-ne.com\/#organization","name":"T\u00e9tou N\u00e9","alternateName":"Bijoux au lait maternel","url":"https:\/\/tetou-ne.com\/","logo":{"@type":"ImageObject","inLanguage":"fr-FR","@id":"https:\/\/tetou-ne.com\/#\/schema\/logo\/image\/","url":"https:\/\/i0.wp.com\/tetou-ne.com\/wp-content\/uploads\/2025\/12\/cropped-logo-removebg-preview-1-2.png?fit=373%2C373&ssl=1","contentUrl":"https:\/\/i0.wp.com\/tetou-ne.com\/wp-content\/uploads\/2025\/12\/cropped-logo-removebg-preview-1-2.png?fit=373%2C373&ssl=1","width":373,"height":373,"caption":"T\u00e9tou N\u00e9"},"image":{"@id":"https:\/\/tetou-ne.com\/#\/schema\/logo\/image\/"},"sameAs":["https:\/\/www.facebook.com\/tetounebijouxaulaitmaternel","https:\/\/www.instagram.com\/tetou_ne_crea_lait_maternel"],"description":"T\u00e9tou N\u00e9 immortalise votre allaitement depuis 2019 en cr\u00e9ant \u00e0 la main vos bijoux au lait maternel 100 % personnalisables. Artisan d'art certifi\u00e9e par la Chambre des M\u00e9tiers et de l'Artisanat en 2023. Consultations allaitement (pr\u00e9sentiel et distanciel).","email":"tetoune.allaitement@gmail.com","telephone":"0680560296","legalName":"T\u00e9tou N\u00e9","foundingDate":"2019-09-19","taxID":"85340422600021","numberOfEmployees":{"@type":"QuantitativeValue","minValue":"1","maxValue":"10"},"publishingPrinciples":"https:\/\/tetou-ne.com\/","ownershipFundingInfo":"https:\/\/tetou-ne.com\/index.php\/conditions-generales-de-ventes\/","actionableFeedbackPolicy":"https:\/\/tetou-ne.com\/index.php\/mentions-legales\/"}]}},"jetpack_sharing_enabled":true,"jetpack_likes_enabled":true,"jetpack-related-posts":[],"_links":{"self":[{"href":"https:\/\/tetou-ne.com\/index.php\/wp-json\/wp\/v2\/pages\/6","targetHints":{"allow":["GET"]}}],"collection":[{"href":"https:\/\/tetou-ne.com\/index.php\/wp-json\/wp\/v2\/pages"}],"about":[{"href":"https:\/\/tetou-ne.com\/index.php\/wp-json\/wp\/v2\/types\/page"}],"author":[{"embeddable":true,"href":"https:\/\/tetou-ne.com\/index.php\/wp-json\/wp\/v2\/users\/1"}],"replies":[{"embeddable":true,"href":"https:\/\/tetou-ne.com\/index.php\/wp-json\/wp\/v2\/comments?post=6"}],"version-history":[{"count":8,"href":"https:\/\/tetou-ne.com\/index.php\/wp-json\/wp\/v2\/pages\/6\/revisions"}],"predecessor-version":[{"id":4896,"href":"https:\/\/tetou-ne.com\/index.php\/wp-json\/wp\/v2\/pages\/6\/revisions\/4896"}],"wp:attachment":[{"href":"https:\/\/tetou-ne.com\/index.php\/wp-json\/wp\/v2\/media?parent=6"}],"curies":[{"name":"wp","href":"https:\/\/api.w.org\/{rel}","templated":true}]}}