{"id":8,"date":"2023-05-03T12:25:56","date_gmt":"2023-05-03T10:25:56","guid":{"rendered":"http:\/\/tetou-ne.com\/index.php\/my-account\/"},"modified":"2025-07-29T08:27:47","modified_gmt":"2025-07-29T06:27:47","slug":"my-account","status":"publish","type":"page","link":"https:\/\/tetou-ne.com\/index.php\/my-account\/","title":{"rendered":"Mon compte"},"content":{"rendered":"<div class=\"woocommerce\"><\/div>\n\n\n\t\t<div data-block-name=\"woocommerce\/customer-account\" data-icon-class=\"wc-block-customer-account__account-icon\"\n\t\t\tclass=\"wp-block-woocommerce-customer-account \"\n\t\t\tstyle=\"\"\n\t\t>\t\n\t\t\t<a\n\t\t\t\tclass=\"wc-block-customer-account__link\"\n\t\t\t\thref=\"https:\/\/tetou-ne.com\/index.php\/my-account\/\"\n\t\t\t\t\t\t\t>\n\t\t\t\t<svg class=\"wc-block-customer-account__account-icon\" xmlns=\"http:\/\/www.w3.org\/2000\/svg\" viewBox=\"-5 -5 25 25\">\n\t\t\t<path fill-rule=\"evenodd\" clip-rule=\"evenodd\" d=\"M8.00009 8.34785C10.3096 8.34785 12.1819 6.47909 12.1819 4.17393C12.1819 1.86876 10.3096 0 8.00009 0C5.69055 0 3.81824 1.86876 3.81824 4.17393C3.81824 6.47909 5.69055 8.34785 8.00009 8.34785ZM0.333496 15.6522C0.333496 15.8444 0.489412 16 0.681933 16H15.3184C15.5109 16 15.6668 15.8444 15.6668 15.6522V14.9565C15.6668 12.1428 13.7821 9.73911 10.0912 9.73911H5.90931C2.21828 9.73911 0.333645 12.1428 0.333645 14.9565L0.333496 15.6522Z\" fill=\"currentColor\" \/>\n\t\t<\/svg>\t\t\t\t<span class=\"label\">Se connecter<\/span>\t\t\t<\/a>\n\t\t<\/div>\n\t\t\n\n\n<p><\/p>\n","protected":false},"excerpt":{"rendered":"","protected":false},"author":1,"featured_media":0,"parent":0,"menu_order":0,"comment_status":"closed","ping_status":"closed","template":"","meta":{"footnotes":""},"class_list":["post-8","page","type-page","status-publish","hentry"],"yoast_head":"<!-- This site is optimized with the Yoast SEO Premium plugin v27.4 (Yoast SEO v27.4) - https:\/\/yoast.com\/product\/yoast-seo-premium-wordpress\/ -->\n<title>Mon compte &#8211; tetou-ne.com<\/title>\n<meta name=\"description\" content=\"Les bijoux au lait maternel de T\u00e9tou N\u00e9 repr\u00e9sentent le symbole de ce lien si fort qui vous unit avec votre b\u00e9b\u00e9.\" \/>\n<meta name=\"robots\" content=\"index, follow, max-snippet:-1, max-image-preview:large, max-video-preview:-1\" \/>\n<link rel=\"canonical\" href=\"https:\/\/tetou-ne.com\/index.php\/my-account\/\" \/>\n<meta property=\"og:locale\" content=\"fr_FR\" \/>\n<meta property=\"og:type\" content=\"article\" \/>\n<meta property=\"og:title\" content=\"T\u00e9tou N\u00e9 - Bijoux au lait maternel\" \/>\n<meta property=\"og:description\" content=\"T\u00e9tou N\u00e9 immortalise votre allaitement depuis 2019 en cr\u00e9ant \u00e0 la main vos bijoux au lait maternel 100 % personnalisables. Artisan d&#039;art certifi\u00e9e par la Chambre des M\u00e9tiers et de l&#039;Artisanat en 2023.\" \/>\n<meta property=\"og:url\" content=\"https:\/\/tetou-ne.com\/index.php\/my-account\/\" \/>\n<meta property=\"og:site_name\" content=\"tetou-ne.com\" \/>\n<meta property=\"article:publisher\" content=\"https:\/\/www.facebook.com\/tetounebijouxaulaitmaternel\" \/>\n<meta property=\"article:modified_time\" content=\"2025-07-29T06:27:47+00:00\" \/>\n<meta property=\"og:image\" content=\"https:\/\/tetou-ne.com\/wp-content\/uploads\/2026\/03\/9959a079-9cae-400c-935a-8055dca5d92e-1024x683.png\" \/>\n\t<meta property=\"og:image:width\" content=\"1024\" \/>\n\t<meta property=\"og:image:height\" content=\"683\" \/>\n\t<meta property=\"og:image:type\" content=\"image\/png\" \/>\n<meta name=\"twitter:card\" content=\"summary_large_image\" \/>\n<meta name=\"twitter:label1\" content=\"Dur\u00e9e de lecture estim\u00e9e\" \/>\n\t<meta name=\"twitter:data1\" content=\"1 minute\" \/>\n<script type=\"application\/ld+json\" class=\"yoast-schema-graph\">{\"@context\":\"https:\\\/\\\/schema.org\",\"@graph\":[{\"@type\":\"WebPage\",\"@id\":\"https:\\\/\\\/tetou-ne.com\\\/index.php\\\/my-account\\\/\",\"url\":\"https:\\\/\\\/tetou-ne.com\\\/index.php\\\/my-account\\\/\",\"name\":\"Mon compte &#8211; tetou-ne.com\",\"isPartOf\":{\"@id\":\"https:\\\/\\\/tetou-ne.com\\\/#website\"},\"datePublished\":\"2023-05-03T10:25:56+00:00\",\"dateModified\":\"2025-07-29T06:27:47+00:00\",\"description\":\"Les bijoux au lait maternel de T\u00e9tou N\u00e9 repr\u00e9sentent le symbole de ce lien si fort qui vous unit avec votre b\u00e9b\u00e9.\",\"breadcrumb\":{\"@id\":\"https:\\\/\\\/tetou-ne.com\\\/index.php\\\/my-account\\\/#breadcrumb\"},\"inLanguage\":\"fr-FR\",\"potentialAction\":[{\"@type\":\"ReadAction\",\"target\":[\"https:\\\/\\\/tetou-ne.com\\\/index.php\\\/my-account\\\/\"]}]},{\"@type\":\"BreadcrumbList\",\"@id\":\"https:\\\/\\\/tetou-ne.com\\\/index.php\\\/my-account\\\/#breadcrumb\",\"itemListElement\":[{\"@type\":\"ListItem\",\"position\":1,\"name\":\"Accueil\",\"item\":\"https:\\\/\\\/tetou-ne.com\\\/\"},{\"@type\":\"ListItem\",\"position\":2,\"name\":\"Mon compte\"}]},{\"@type\":\"WebSite\",\"@id\":\"https:\\\/\\\/tetou-ne.com\\\/#website\",\"url\":\"https:\\\/\\\/tetou-ne.com\\\/\",\"name\":\"tetou-ne.com\",\"description\":\"Bijoux lait maternel\",\"publisher\":{\"@id\":\"https:\\\/\\\/tetou-ne.com\\\/#organization\"},\"alternateName\":\"T\u00e9tou N\u00e9\",\"potentialAction\":[{\"@type\":\"SearchAction\",\"target\":{\"@type\":\"EntryPoint\",\"urlTemplate\":\"https:\\\/\\\/tetou-ne.com\\\/?s={search_term_string}\"},\"query-input\":{\"@type\":\"PropertyValueSpecification\",\"valueRequired\":true,\"valueName\":\"search_term_string\"}}],\"inLanguage\":\"fr-FR\"},{\"@type\":\"Organization\",\"@id\":\"https:\\\/\\\/tetou-ne.com\\\/#organization\",\"name\":\"T\u00e9tou N\u00e9\",\"alternateName\":\"Bijoux au lait maternel\",\"url\":\"https:\\\/\\\/tetou-ne.com\\\/\",\"logo\":{\"@type\":\"ImageObject\",\"inLanguage\":\"fr-FR\",\"@id\":\"https:\\\/\\\/tetou-ne.com\\\/#\\\/schema\\\/logo\\\/image\\\/\",\"url\":\"https:\\\/\\\/i0.wp.com\\\/tetou-ne.com\\\/wp-content\\\/uploads\\\/2025\\\/12\\\/cropped-logo-removebg-preview-1-2.png?fit=373%2C373&ssl=1\",\"contentUrl\":\"https:\\\/\\\/i0.wp.com\\\/tetou-ne.com\\\/wp-content\\\/uploads\\\/2025\\\/12\\\/cropped-logo-removebg-preview-1-2.png?fit=373%2C373&ssl=1\",\"width\":373,\"height\":373,\"caption\":\"T\u00e9tou N\u00e9\"},\"image\":{\"@id\":\"https:\\\/\\\/tetou-ne.com\\\/#\\\/schema\\\/logo\\\/image\\\/\"},\"sameAs\":[\"https:\\\/\\\/www.facebook.com\\\/tetounebijouxaulaitmaternel\",\"https:\\\/\\\/www.instagram.com\\\/tetou_ne_crea_lait_maternel\"],\"description\":\"T\u00e9tou N\u00e9 immortalise votre allaitement depuis 2019 en cr\u00e9ant \u00e0 la main vos bijoux au lait maternel 100 % personnalisables. Artisan d'art certifi\u00e9e par la Chambre des M\u00e9tiers et de l'Artisanat en 2023. Consultations allaitement (pr\u00e9sentiel et distanciel).\",\"email\":\"tetoune.allaitement@gmail.com\",\"telephone\":\"0680560296\",\"legalName\":\"T\u00e9tou N\u00e9\",\"foundingDate\":\"2019-09-19\",\"taxID\":\"85340422600021\",\"numberOfEmployees\":{\"@type\":\"QuantitativeValue\",\"minValue\":\"1\",\"maxValue\":\"10\"},\"publishingPrinciples\":\"https:\\\/\\\/tetou-ne.com\\\/\",\"ownershipFundingInfo\":\"https:\\\/\\\/tetou-ne.com\\\/index.php\\\/conditions-generales-de-ventes\\\/\",\"actionableFeedbackPolicy\":\"https:\\\/\\\/tetou-ne.com\\\/index.php\\\/mentions-legales\\\/\"}]}<\/script>\n<!-- \/ Yoast SEO Premium plugin. -->","yoast_head_json":{"title":"Mon compte &#8211; tetou-ne.com","description":"Les bijoux au lait maternel de T\u00e9tou N\u00e9 repr\u00e9sentent le symbole de ce lien si fort qui vous unit avec votre b\u00e9b\u00e9.","robots":{"index":"index","follow":"follow","max-snippet":"max-snippet:-1","max-image-preview":"max-image-preview:large","max-video-preview":"max-video-preview:-1"},"canonical":"https:\/\/tetou-ne.com\/index.php\/my-account\/","og_locale":"fr_FR","og_type":"article","og_title":"T\u00e9tou N\u00e9 - Bijoux au lait maternel","og_description":"T\u00e9tou N\u00e9 immortalise votre allaitement depuis 2019 en cr\u00e9ant \u00e0 la main vos bijoux au lait maternel 100 % personnalisables. Artisan d'art certifi\u00e9e par la Chambre des M\u00e9tiers et de l'Artisanat en 2023.","og_url":"https:\/\/tetou-ne.com\/index.php\/my-account\/","og_site_name":"tetou-ne.com","article_publisher":"https:\/\/www.facebook.com\/tetounebijouxaulaitmaternel","article_modified_time":"2025-07-29T06:27:47+00:00","og_image":[{"width":1024,"height":683,"url":"https:\/\/tetou-ne.com\/wp-content\/uploads\/2026\/03\/9959a079-9cae-400c-935a-8055dca5d92e-1024x683.png","type":"image\/png"}],"twitter_card":"summary_large_image","twitter_misc":{"Dur\u00e9e de lecture estim\u00e9e":"1 minute"},"schema":{"@context":"https:\/\/schema.org","@graph":[{"@type":"WebPage","@id":"https:\/\/tetou-ne.com\/index.php\/my-account\/","url":"https:\/\/tetou-ne.com\/index.php\/my-account\/","name":"Mon compte &#8211; tetou-ne.com","isPartOf":{"@id":"https:\/\/tetou-ne.com\/#website"},"datePublished":"2023-05-03T10:25:56+00:00","dateModified":"2025-07-29T06:27:47+00:00","description":"Les bijoux au lait maternel de T\u00e9tou N\u00e9 repr\u00e9sentent le symbole de ce lien si fort qui vous unit avec votre b\u00e9b\u00e9.","breadcrumb":{"@id":"https:\/\/tetou-ne.com\/index.php\/my-account\/#breadcrumb"},"inLanguage":"fr-FR","potentialAction":[{"@type":"ReadAction","target":["https:\/\/tetou-ne.com\/index.php\/my-account\/"]}]},{"@type":"BreadcrumbList","@id":"https:\/\/tetou-ne.com\/index.php\/my-account\/#breadcrumb","itemListElement":[{"@type":"ListItem","position":1,"name":"Accueil","item":"https:\/\/tetou-ne.com\/"},{"@type":"ListItem","position":2,"name":"Mon compte"}]},{"@type":"WebSite","@id":"https:\/\/tetou-ne.com\/#website","url":"https:\/\/tetou-ne.com\/","name":"tetou-ne.com","description":"Bijoux lait maternel","publisher":{"@id":"https:\/\/tetou-ne.com\/#organization"},"alternateName":"T\u00e9tou N\u00e9","potentialAction":[{"@type":"SearchAction","target":{"@type":"EntryPoint","urlTemplate":"https:\/\/tetou-ne.com\/?s={search_term_string}"},"query-input":{"@type":"PropertyValueSpecification","valueRequired":true,"valueName":"search_term_string"}}],"inLanguage":"fr-FR"},{"@type":"Organization","@id":"https:\/\/tetou-ne.com\/#organization","name":"T\u00e9tou N\u00e9","alternateName":"Bijoux au lait maternel","url":"https:\/\/tetou-ne.com\/","logo":{"@type":"ImageObject","inLanguage":"fr-FR","@id":"https:\/\/tetou-ne.com\/#\/schema\/logo\/image\/","url":"https:\/\/i0.wp.com\/tetou-ne.com\/wp-content\/uploads\/2025\/12\/cropped-logo-removebg-preview-1-2.png?fit=373%2C373&ssl=1","contentUrl":"https:\/\/i0.wp.com\/tetou-ne.com\/wp-content\/uploads\/2025\/12\/cropped-logo-removebg-preview-1-2.png?fit=373%2C373&ssl=1","width":373,"height":373,"caption":"T\u00e9tou N\u00e9"},"image":{"@id":"https:\/\/tetou-ne.com\/#\/schema\/logo\/image\/"},"sameAs":["https:\/\/www.facebook.com\/tetounebijouxaulaitmaternel","https:\/\/www.instagram.com\/tetou_ne_crea_lait_maternel"],"description":"T\u00e9tou N\u00e9 immortalise votre allaitement depuis 2019 en cr\u00e9ant \u00e0 la main vos bijoux au lait maternel 100 % personnalisables. Artisan d'art certifi\u00e9e par la Chambre des M\u00e9tiers et de l'Artisanat en 2023. Consultations allaitement (pr\u00e9sentiel et distanciel).","email":"tetoune.allaitement@gmail.com","telephone":"0680560296","legalName":"T\u00e9tou N\u00e9","foundingDate":"2019-09-19","taxID":"85340422600021","numberOfEmployees":{"@type":"QuantitativeValue","minValue":"1","maxValue":"10"},"publishingPrinciples":"https:\/\/tetou-ne.com\/","ownershipFundingInfo":"https:\/\/tetou-ne.com\/index.php\/conditions-generales-de-ventes\/","actionableFeedbackPolicy":"https:\/\/tetou-ne.com\/index.php\/mentions-legales\/"}]}},"jetpack_sharing_enabled":true,"jetpack_likes_enabled":true,"jetpack-related-posts":[],"_links":{"self":[{"href":"https:\/\/tetou-ne.com\/index.php\/wp-json\/wp\/v2\/pages\/8","targetHints":{"allow":["GET"]}}],"collection":[{"href":"https:\/\/tetou-ne.com\/index.php\/wp-json\/wp\/v2\/pages"}],"about":[{"href":"https:\/\/tetou-ne.com\/index.php\/wp-json\/wp\/v2\/types\/page"}],"author":[{"embeddable":true,"href":"https:\/\/tetou-ne.com\/index.php\/wp-json\/wp\/v2\/users\/1"}],"replies":[{"embeddable":true,"href":"https:\/\/tetou-ne.com\/index.php\/wp-json\/wp\/v2\/comments?post=8"}],"version-history":[{"count":2,"href":"https:\/\/tetou-ne.com\/index.php\/wp-json\/wp\/v2\/pages\/8\/revisions"}],"predecessor-version":[{"id":6434,"href":"https:\/\/tetou-ne.com\/index.php\/wp-json\/wp\/v2\/pages\/8\/revisions\/6434"}],"wp:attachment":[{"href":"https:\/\/tetou-ne.com\/index.php\/wp-json\/wp\/v2\/media?parent=8"}],"curies":[{"name":"wp","href":"https:\/\/api.w.org\/{rel}","templated":true}]}}